{"id":28850,"date":"2023-11-15T14:59:21","date_gmt":"2023-11-15T13:59:21","guid":{"rendered":"https:\/\/celine-rodrigues-sophrologue.fr\/?page_id=28850"},"modified":"2024-04-03T22:23:21","modified_gmt":"2024-04-03T20:23:21","slug":"tarifs","status":"publish","type":"page","link":"https:\/\/celine-rodrigues-sophrologue.fr\/?page_id=28850","title":{"rendered":"Tarifs"},"content":{"rendered":"<p><!-- divi:paragraph --><\/p>\n<p>Plusieurs tarifs vous sont propos\u00e9s en fonction du nombre de s\u00e9ances adapt\u00e9es selon votre situation.<\/p>\n<p><!-- \/divi:paragraph --><\/p>\n\n\n<figure class=\"wp-block-table\"><table><tbody><tr><td><strong>Tarifs<\/strong><\/td><td class=\"has-text-align-center\" data-align=\"center\"><strong>Adulte<\/strong><\/td><\/tr><tr><td>S\u00e9ance individuelle (1h)<\/td><td class=\"has-text-align-center\" data-align=\"center\">45 \u20ac<\/td><\/tr><tr><td>Forfait 5 s\u00e9ances<\/td><td class=\"has-text-align-center\" data-align=\"center\">214 \u20ac<\/td><\/tr><tr><td>Forfait 8 s\u00e9ances<\/td><td class=\"has-text-align-center\" data-align=\"center\">342 \u20ac<\/td><\/tr><tr><td>Forfait 10 s\u00e9ances<\/td><td class=\"has-text-align-center\" data-align=\"center\">405 \u20ac<\/td><\/tr><tr><td>Forfait 12 s\u00e9ances<\/td><td class=\"has-text-align-center\" data-align=\"center\">486 \u20ac<\/td><\/tr><\/tbody><\/table><\/figure>\n\n\n\n<figure class=\"wp-block-table\"><table><tbody><tr><td><strong>Tarif<\/strong><\/td><td class=\"has-text-align-center\" data-align=\"center\"><strong>Enfant \/ Adolescent<\/strong><\/td><\/tr><tr><td>S\u00e9ance individuelle (45 mn)<\/td><td class=\"has-text-align-center\" data-align=\"center\">40 \u20ac<\/td><\/tr><\/tbody><\/table><\/figure>\n\n\n\n<figure class=\"wp-block-table\"><table><tbody><tr><td><strong>Tarifs<\/strong><\/td><td class=\"has-text-align-center\" data-align=\"center\"><strong>Groupe (5 \u00e0 6 personnes)<\/strong><\/td><\/tr><tr><td>S\u00e9ance (1h \u00e0 1h15)<\/td><td class=\"has-text-align-center\" data-align=\"center\">15 \u20ac \/ personne<\/td><\/tr><tr><td>Forfait 5 s\u00e9ances<\/td><td class=\"has-text-align-center\" data-align=\"center\">65 \u20ac \/ personne<\/td><\/tr><\/tbody><\/table><\/figure>\n","protected":false},"excerpt":{"rendered":"<p>Plusieurs tarifs vous sont propos\u00e9s en fonction du nombre de s\u00e9ances adapt\u00e9es selon votre situation. Tarifs Adulte S\u00e9ance individuelle (1h) 45 \u20ac Forfait 5 s\u00e9ances 214 \u20ac Forfait 8 s\u00e9ances 342 \u20ac Forfait 10 s\u00e9ances 405 \u20ac Forfait 12 s\u00e9ances 486 \u20ac Tarif Enfant \/ Adolescent S\u00e9ance individuelle (45 mn) 40 \u20ac Tarifs Groupe (5 [&hellip;]<\/p>\n","protected":false},"author":1,"featured_media":0,"parent":0,"menu_order":0,"comment_status":"closed","ping_status":"closed","template":"","meta":{"iawp_total_views":36,"footnotes":""},"class_list":["post-28850","page","type-page","status-publish","hentry"],"aioseo_notices":[],"_links":{"self":[{"href":"https:\/\/celine-rodrigues-sophrologue.fr\/index.php?rest_route=\/wp\/v2\/pages\/28850","targetHints":{"allow":["GET"]}}],"collection":[{"href":"https:\/\/celine-rodrigues-sophrologue.fr\/index.php?rest_route=\/wp\/v2\/pages"}],"about":[{"href":"https:\/\/celine-rodrigues-sophrologue.fr\/index.php?rest_route=\/wp\/v2\/types\/page"}],"author":[{"embeddable":true,"href":"https:\/\/celine-rodrigues-sophrologue.fr\/index.php?rest_route=\/wp\/v2\/users\/1"}],"replies":[{"embeddable":true,"href":"https:\/\/celine-rodrigues-sophrologue.fr\/index.php?rest_route=%2Fwp%2Fv2%2Fcomments&post=28850"}],"version-history":[{"count":9,"href":"https:\/\/celine-rodrigues-sophrologue.fr\/index.php?rest_route=\/wp\/v2\/pages\/28850\/revisions"}],"predecessor-version":[{"id":29024,"href":"https:\/\/celine-rodrigues-sophrologue.fr\/index.php?rest_route=\/wp\/v2\/pages\/28850\/revisions\/29024"}],"wp:attachment":[{"href":"https:\/\/celine-rodrigues-sophrologue.fr\/index.php?rest_route=%2Fwp%2Fv2%2Fmedia&parent=28850"}],"curies":[{"name":"wp","href":"https:\/\/api.w.org\/{rel}","templated":true}]}}