{"id":28887,"date":"2023-11-15T15:51:21","date_gmt":"2023-11-15T14:51:21","guid":{"rendered":"https:\/\/celine-rodrigues-sophrologue.fr\/?page_id=28887"},"modified":"2024-05-29T10:04:43","modified_gmt":"2024-05-29T08:04:43","slug":"mes-services","status":"publish","type":"page","link":"https:\/\/celine-rodrigues-sophrologue.fr\/?page_id=28887","title":{"rendered":"Mes services"},"content":{"rendered":"\n<div class=\"wp-block-group alignfull\"><div class=\"wp-block-group__inner-container is-layout-flow wp-block-group-is-layout-flow\">\n<div class=\"wp-block-columns alignwide is-layout-flex wp-container-core-columns-is-layout-9d6595d7 wp-block-columns-is-layout-flex\">\n<div class=\"wp-block-column is-layout-flow wp-block-column-is-layout-flow\">\n<p><strong>D\u00e9couvrez votre \u00c9quilibre Int\u00e9rieur<\/strong><\/p>\n\n\n\n<p>Bienvenue dans un voyage vers la s\u00e9r\u00e9nit\u00e9 et l&rsquo;\u00e9quilibre int\u00e9rieur. Je serais votre guide vers une vie plus harmonieuse et \u00e9panouissante. La sophrologie, c&rsquo;est bien plus qu&rsquo;une simple m\u00e9thode de relaxation : c&rsquo;est une invitation \u00e0 explorer les tr\u00e9sors de votre propre conscience pour retrouver l&rsquo;harmonie entre votre corps et votre esprit.<\/p>\n\n\n\n<p><strong>Services Personnalis\u00e9s pour R\u00e9pondre \u00e0 Vos Besoins<\/strong><\/p>\n\n\n\n<p>Chaque personne est unique, vous \u00eates unique, avec des d\u00e9fis et des aspirations qui vous sont propres. C&rsquo;est pourquoi mes services de sophrologie sont enti\u00e8rement personnalis\u00e9s pour r\u00e9pondre \u00e0 vos besoins sp\u00e9cifiques. Que vous cherchiez \u00e0 g\u00e9rer le stress, \u00e0 am\u00e9liorer votre sommeil, \u00e0 renforcer votre confiance en vous, ou \u00e0 simplement vous connecter \u00e0 votre bien-\u00eatre int\u00e9rieur, j&rsquo;aurais une approche sur mesure qui vous conviendra.<\/p>\n\n\n\n<p><strong>Mon Approche<\/strong><\/p>\n\n\n\n<p>La sophrologie est une approche globale qui int\u00e8gre la respiration, la relaxation musculaire et la visualisation positive pour cr\u00e9er un \u00e9tat de conscience serein. En travaillant ensemble, nous explorerons les techniques adapt\u00e9es \u00e0 votre style de vie et \u00e0 vos objectifs personnels, vous permettant de d\u00e9velopper des comp\u00e9tences durables pour cultiver la paix int\u00e9rieure au quotidien.<\/p>\n\n\n\n<p><strong>Accompagnement \u00e0 Chaque \u00c9tape de Votre Parcours<\/strong><\/p>\n\n\n\n<p>Que vous soyez nouveau dans le monde de la sophrologie ou d\u00e9j\u00e0 familier avec ses bienfaits, je suis l\u00e0 pour vous guider \u00e0 chaque \u00e9tape de votre parcours. Mon engagement est de cr\u00e9er un espace accueillant et s\u00e9curis\u00e9 o\u00f9 vous pourrez explorer, grandir et vous \u00e9panouir.<\/p>\n\n\n\n<p><strong>Contactez-moi pour une Consultation Personnalis\u00e9e<\/strong><\/p>\n\n\n\n<p>Enclenchez le premier pas vers une vie \u00e9quilibr\u00e9e et \u00e9panouissante. Contactez-moi pour planifier une consultation personnalis\u00e9e. Ensemble, nous cr\u00e9erons un plan qui r\u00e9pond \u00e0 vos besoins uniques et vous guidera vers un bien-\u00eatre total.<\/p>\n\n\n\n<p>Je serai ravie de vous accompagner dans cette aventure vers une vie plus \u00e9quilibr\u00e9e, \u00e9panouissante et pleine de s\u00e9r\u00e9nit\u00e9.<\/p>\n\n\n\n<p><a href=\"mailto:contact@celine-rodrigues-sophrologue.fr\" target=\"_blank\" rel=\"noopener\" title=\"\">contact@celine-rodrigues-sophrologue.fr<\/a><\/p>\n\n\n\n<p><\/p>\n\n\n\n<p><\/p>\n\n\n\n<p><em>*Gestion du stress et des \u00e9motions  *Am\u00e9lioration du sommeil *Renforcement de la confiance en soi *D\u00e9veloppement personnel *Accompagnement \u00e0 la maternit\u00e9<\/em><\/p>\n<\/div>\n<\/div>\n\n\n\n<div style=\"height:40px\" aria-hidden=\"true\" class=\"wp-block-spacer\"><\/div>\n<\/div><\/div>\n","protected":false},"excerpt":{"rendered":"<p>D\u00e9couvrez votre \u00c9quilibre Int\u00e9rieur Bienvenue dans un voyage vers la s\u00e9r\u00e9nit\u00e9 et l&rsquo;\u00e9quilibre int\u00e9rieur. Je serais votre guide vers une vie plus harmonieuse et \u00e9panouissante. La sophrologie, c&rsquo;est bien plus qu&rsquo;une simple m\u00e9thode de relaxation : c&rsquo;est une invitation \u00e0 explorer les tr\u00e9sors de votre propre conscience pour retrouver l&rsquo;harmonie entre votre corps et votre [&hellip;]<\/p>\n","protected":false},"author":1,"featured_media":0,"parent":0,"menu_order":0,"comment_status":"closed","ping_status":"closed","template":"","meta":{"iawp_total_views":29,"footnotes":""},"class_list":["post-28887","page","type-page","status-publish","hentry"],"aioseo_notices":[],"_links":{"self":[{"href":"https:\/\/celine-rodrigues-sophrologue.fr\/index.php?rest_route=\/wp\/v2\/pages\/28887","targetHints":{"allow":["GET"]}}],"collection":[{"href":"https:\/\/celine-rodrigues-sophrologue.fr\/index.php?rest_route=\/wp\/v2\/pages"}],"about":[{"href":"https:\/\/celine-rodrigues-sophrologue.fr\/index.php?rest_route=\/wp\/v2\/types\/page"}],"author":[{"embeddable":true,"href":"https:\/\/celine-rodrigues-sophrologue.fr\/index.php?rest_route=\/wp\/v2\/users\/1"}],"replies":[{"embeddable":true,"href":"https:\/\/celine-rodrigues-sophrologue.fr\/index.php?rest_route=%2Fwp%2Fv2%2Fcomments&post=28887"}],"version-history":[{"count":9,"href":"https:\/\/celine-rodrigues-sophrologue.fr\/index.php?rest_route=\/wp\/v2\/pages\/28887\/revisions"}],"predecessor-version":[{"id":29182,"href":"https:\/\/celine-rodrigues-sophrologue.fr\/index.php?rest_route=\/wp\/v2\/pages\/28887\/revisions\/29182"}],"wp:attachment":[{"href":"https:\/\/celine-rodrigues-sophrologue.fr\/index.php?rest_route=%2Fwp%2Fv2%2Fmedia&parent=28887"}],"curies":[{"name":"wp","href":"https:\/\/api.w.org\/{rel}","templated":true}]}}