{"id":28986,"date":"2024-04-03T16:24:55","date_gmt":"2024-04-03T14:24:55","guid":{"rendered":"https:\/\/celine-rodrigues-sophrologue.fr\/?page_id=28986"},"modified":"2024-05-29T10:00:12","modified_gmt":"2024-05-29T08:00:12","slug":"deroule-dune-seance-de-sophrologie","status":"publish","type":"page","link":"https:\/\/celine-rodrigues-sophrologue.fr\/?page_id=28986","title":{"rendered":"D\u00e9roul\u00e9 d&rsquo;une s\u00e9ance de sophrologie"},"content":{"rendered":"\n<p>Dans le cadre d&rsquo;un suivi individuel, le premier rendez-vous est g\u00e9n\u00e9ralement consacr\u00e9 \u00e0 un entretien (l&rsquo;anamn\u00e8se) d&rsquo;une dur\u00e9e variable de 30 \u00e0 45 minutes, pour d\u00e9finir l&rsquo;objectif de la visite, suivi d&rsquo;un ou deux exercices de relaxation et d&rsquo;une sophronisation qui permettent de d\u00e9couvrir la sophrologie.<\/p>\n\n\n\n<p>Les autres s\u00e9ances (entre 45 minutes et 1 heure) se passent comme suit :<\/p>\n\n\n\n<p><strong>1. Accueil et Pr\u00e9paration :<\/strong> Le sophrologue vous accueille et cr\u00e9e une atmosph\u00e8re calme et propice \u00e0 la d\u00e9tente. Il vous questionne rapidement sur votre \u00e9tat depuis la derni\u00e8re s\u00e9ance, vous explique bri\u00e8vement le d\u00e9roulement de la s\u00e9ance et vous invite avec votre accord \u00e0 commencer les exercices.<\/p>\n\n\n\n<p><strong>2. Exercices de relaxation (de 10 \u00e0 30 minutes) :<\/strong> Le sophrologue vous propose des exercices de relaxation (entre 2 et 4 exercices) adapt\u00e9s \u00e0 votre probl\u00e9matique. C&rsquo;est une relaxation active et consciente, qui gr\u00e2ce \u00e0 des exercices de respiration et de concentration, vont vous apprendre \u00e0 \u00e9couter votre corps.<\/p>\n\n\n\n<p>Cela permet de rel\u00e2cher les tensions physiques et vous pr\u00e9pare mentalement \u00e0 la pratique qui va suivre.<br><em>A noter qu&rsquo;apr\u00e8s chaque exercice, le sophrologue recueille vos ressentis.<\/em><\/p>\n\n\n\n<p><strong>3. Sophronisation (20 minutes environ) :<\/strong> Une sophronisation se pratique en position assise le plus souvent et les yeux ferm\u00e9s. Cette technique est utilis\u00e9e pour induire un \u00e9tat de relaxation profonde et de bien-\u00eatre. Elle combine des \u00e9l\u00e9ments de relaxation musculaire, de respiration contr\u00f4l\u00e9e et de visualisation guid\u00e9e pour permettre d&rsquo;atteindre un \u00e9tat de conscience modifi\u00e9e, propice \u00e0 l&rsquo;introspection et \u00e0 la d\u00e9tente. Elle se d\u00e9roule en trois temps :<\/p>\n\n\n\n<ul class=\"wp-block-list\">\n<li><strong>L&rsquo;induction <\/strong>: permet de vous mener \u00e0 un niveau de vigilance entre veille et sommeil en d\u00e9tendant totalement votre corps et votre esprit. Cet \u00e9tat favorise le travail sur les visualisations mentales, les ressentis et les prises de conscience.<\/li>\n\n\n\n<li><strong>Le T.A.I.S. (visualisation) :<\/strong> le sophrologue vous encourage \u00e0 vous concentrer sur des images mentales positives et apaisantes (lieux paisibles, sc\u00e8nes de nature ou exp\u00e9riences de bien-\u00eatre). La visualisation guid\u00e9e aide \u00e0 calmer l&rsquo;esprit et \u00e0 induire un \u00e9tat de relaxation profonde. <br>Le sophrologue peut inclure des suggestions verbales positives pendant la sophronisation pour renforcer les sentiments de calme, de confiance en soi et de bien-\u00eatre. Ces suggestions sont con\u00e7ues pour influencer positivement l&rsquo;\u00e9tat d&rsquo;esprit et favoriser une exp\u00e9rience de relaxation plus profonde.<br>Selon le protocole de travail et la pathologie \u00e0 traiter, vous pouvez \u00eatre amen\u00e9 \u00e0 vivre ou \u00e0 revivre des \u00e9v\u00e8nements ou des situations \u00e0 venir ou d\u00e9j\u00e0 v\u00e9cues afin de d\u00e9passer vos blocages, contr\u00f4ler votre douleur ou vous lib\u00e9rer d&rsquo;un stress, d&rsquo;une phobie, d&rsquo;un choc\u2026<\/li>\n\n\n\n<li><strong>La d\u00e9sophronisation :<\/strong> c&rsquo;est l&rsquo;\u00e9tape qui vous ram\u00e8ne progressivement \u00e0 un \u00e9tat de conscience ordinaire. Vous reprenez contact avec votre corps et avec l&rsquo;environnement qui vous entoure.<\/li>\n\n\n\n<li><strong>Partage et \u00c9change :<\/strong> enfin, le sophrologue vous encourage \u00e0 partager votre exp\u00e9rience et vos ressentis si vous le souhaitez.<\/li>\n<\/ul>\n\n\n\n<p><strong>Conclusion :<\/strong> Une s\u00e9ance de sophrologie offre un espace de d\u00e9tente et de d\u00e9veloppement personnel, o\u00f9 vous pouvez vous reconnecter \u00e0 votre corps et \u00e0 votre esprit, trouver un sentiment de calme int\u00e9rieur et cultiver des ressources pour faire face aux d\u00e9fis de la vie quotidienne. Chaque s\u00e9ance est unique et est adapt\u00e9e en fonction de vos besoins.<\/p>\n","protected":false},"excerpt":{"rendered":"<p>Dans le cadre d&rsquo;un suivi individuel, le premier rendez-vous est g\u00e9n\u00e9ralement consacr\u00e9 \u00e0 un entretien (l&rsquo;anamn\u00e8se) d&rsquo;une dur\u00e9e variable de 30 \u00e0 45 minutes, pour d\u00e9finir l&rsquo;objectif de la visite, suivi d&rsquo;un ou deux exercices de relaxation et d&rsquo;une sophronisation qui permettent de d\u00e9couvrir la sophrologie. Les autres s\u00e9ances (entre 45 minutes et 1 heure) [&hellip;]<\/p>\n","protected":false},"author":1,"featured_media":0,"parent":0,"menu_order":0,"comment_status":"closed","ping_status":"closed","template":"","meta":{"iawp_total_views":83,"footnotes":""},"class_list":["post-28986","page","type-page","status-publish","hentry"],"aioseo_notices":[],"_links":{"self":[{"href":"https:\/\/celine-rodrigues-sophrologue.fr\/index.php?rest_route=\/wp\/v2\/pages\/28986","targetHints":{"allow":["GET"]}}],"collection":[{"href":"https:\/\/celine-rodrigues-sophrologue.fr\/index.php?rest_route=\/wp\/v2\/pages"}],"about":[{"href":"https:\/\/celine-rodrigues-sophrologue.fr\/index.php?rest_route=\/wp\/v2\/types\/page"}],"author":[{"embeddable":true,"href":"https:\/\/celine-rodrigues-sophrologue.fr\/index.php?rest_route=\/wp\/v2\/users\/1"}],"replies":[{"embeddable":true,"href":"https:\/\/celine-rodrigues-sophrologue.fr\/index.php?rest_route=%2Fwp%2Fv2%2Fcomments&post=28986"}],"version-history":[{"count":3,"href":"https:\/\/celine-rodrigues-sophrologue.fr\/index.php?rest_route=\/wp\/v2\/pages\/28986\/revisions"}],"predecessor-version":[{"id":29180,"href":"https:\/\/celine-rodrigues-sophrologue.fr\/index.php?rest_route=\/wp\/v2\/pages\/28986\/revisions\/29180"}],"wp:attachment":[{"href":"https:\/\/celine-rodrigues-sophrologue.fr\/index.php?rest_route=%2Fwp%2Fv2%2Fmedia&parent=28986"}],"curies":[{"name":"wp","href":"https:\/\/api.w.org\/{rel}","templated":true}]}}