{"id":36,"date":"2017-02-16T09:13:19","date_gmt":"2017-02-16T08:13:19","guid":{"rendered":"http:\/\/mxajfmgl.preview.infomaniak.website\/?page_id=36"},"modified":"2024-05-29T09:43:14","modified_gmt":"2024-05-29T07:43:14","slug":"home","status":"publish","type":"page","link":"https:\/\/celine-rodrigues-sophrologue.fr\/","title":{"rendered":"Accueil"},"content":{"rendered":"\n<p class=\"has-text-align-left has-medium-font-size\"><strong>Bienvenue sur mon site !<\/strong><\/p>\n\n\n\n<p class=\"has-medium-font-size\">Ce site est l\u00e0 pour vous informer et vous guider sur la sophrologie et les bienfaits de cette m\u00e9thode.<br>Gr\u00e2ce \u00e0 la sophrologie, retrouvez un \u00e9panouissement personnel et une paix int\u00e9rieure.<br>D\u00e9couvrez comme la sophrologie peut transformer votre quotidien en une exp\u00e9rience harmonieuse et \u00e9quilibr\u00e9e.<\/p>\n\n\n\n<p class=\"has-medium-font-size\"><em>N&rsquo;h\u00e9sitez-pas \u00e0 explorer toutes les pages de mon site et \u00e0 me contacter pour d\u00e9couvrir la sophrologie !!!<\/em><\/p>\n\n\n\n<p><a href=\"mailto:contact@celine-rodrigues-sophrologue.fr\">contact@celine-rodrigues-sophrologue.fr<\/a><\/p>\n","protected":false},"excerpt":{"rendered":"<p>Bienvenue sur mon site ! Ce site est l\u00e0 pour vous informer et vous guider sur la sophrologie et les bienfaits de cette m\u00e9thode.Gr\u00e2ce \u00e0 la sophrologie, retrouvez un \u00e9panouissement personnel et une paix int\u00e9rieure.D\u00e9couvrez comme la sophrologie peut transformer votre quotidien en une exp\u00e9rience harmonieuse et \u00e9quilibr\u00e9e. N&rsquo;h\u00e9sitez-pas \u00e0 explorer toutes les pages de [&hellip;]<\/p>\n","protected":false},"author":1,"featured_media":28976,"parent":0,"menu_order":0,"comment_status":"closed","ping_status":"closed","template":"","meta":{"iawp_total_views":508,"footnotes":""},"class_list":["post-36","page","type-page","status-publish","has-post-thumbnail","hentry"],"aioseo_notices":[],"_links":{"self":[{"href":"https:\/\/celine-rodrigues-sophrologue.fr\/index.php?rest_route=\/wp\/v2\/pages\/36","targetHints":{"allow":["GET"]}}],"collection":[{"href":"https:\/\/celine-rodrigues-sophrologue.fr\/index.php?rest_route=\/wp\/v2\/pages"}],"about":[{"href":"https:\/\/celine-rodrigues-sophrologue.fr\/index.php?rest_route=\/wp\/v2\/types\/page"}],"author":[{"embeddable":true,"href":"https:\/\/celine-rodrigues-sophrologue.fr\/index.php?rest_route=\/wp\/v2\/users\/1"}],"replies":[{"embeddable":true,"href":"https:\/\/celine-rodrigues-sophrologue.fr\/index.php?rest_route=%2Fwp%2Fv2%2Fcomments&post=36"}],"version-history":[{"count":16,"href":"https:\/\/celine-rodrigues-sophrologue.fr\/index.php?rest_route=\/wp\/v2\/pages\/36\/revisions"}],"predecessor-version":[{"id":29165,"href":"https:\/\/celine-rodrigues-sophrologue.fr\/index.php?rest_route=\/wp\/v2\/pages\/36\/revisions\/29165"}],"wp:featuredmedia":[{"embeddable":true,"href":"https:\/\/celine-rodrigues-sophrologue.fr\/index.php?rest_route=\/wp\/v2\/media\/28976"}],"wp:attachment":[{"href":"https:\/\/celine-rodrigues-sophrologue.fr\/index.php?rest_route=%2Fwp%2Fv2%2Fmedia&parent=36"}],"curies":[{"name":"wp","href":"https:\/\/api.w.org\/{rel}","templated":true}]}}