{"id":45,"date":"2017-02-16T09:17:12","date_gmt":"2017-02-16T08:17:12","guid":{"rendered":"http:\/\/mxajfmgl.preview.infomaniak.website\/?page_id=45"},"modified":"2024-05-29T10:17:50","modified_gmt":"2024-05-29T08:17:50","slug":"contact","status":"publish","type":"page","link":"https:\/\/celine-rodrigues-sophrologue.fr\/?page_id=45","title":{"rendered":"Prendre RDV \/ Contact"},"content":{"rendered":"\n<p><strong>Bienvenue sur l&rsquo;Espace de Prise de Rendez-vous<\/strong><\/p>\n\n\n\n<p>Je suis ravie que vous ayez choisi d&rsquo;explorer les bienfaits de la sophrologie pour votre bien-\u00eatre. Je m&rsquo;engage \u00e0 vous offrir un accompagnement personnalis\u00e9 pour vous aider \u00e0 atteindre l&rsquo;harmonie int\u00e9rieure.<br>Veuillez remplir le formulaire ci-dessous. Indiquez vos pr\u00e9f\u00e9rences de date et d&rsquo;heure, ainsi que toute information suppl\u00e9mentaire que vous jugerez pertinente. Je r\u00e9pondrai \u00e0 votre demande dans les plus brefs d\u00e9lais.<\/p>\n\n\n\n<p>Lundi &#8211; Mardi &#8211; Jeudi &#8211; Vendredi : 17h30 &#8211; 19h00<br>Mercredi : 13h30 &#8211; 18h30<br>Samedi : 9h &#8211; 11h30<br>Vacances scolaires zone C : du lundi au vendredi &#8211; 9h30 &#8211; 17h00<\/p>\n\n\n\n<p>Privil\u00e9giez les sms au <strong>06 80 23 48 77<\/strong> ou les mails \u00e0 <a href=\"mailto:contact@celine-rodrigues-sophrologue.fr\">contact@celine-rodrigues-sophrologue.fr<\/a><\/p>\n\n\n<style id=\"wpforms-css-vars-root\">\n\t\t\t\t:root {\n\t\t\t\t\t--wpforms-field-border-radius: 3px;\n--wpforms-field-border-style: solid;\n--wpforms-field-border-size: 1px;\n--wpforms-field-background-color: #ffffff;\n--wpforms-field-border-color: rgba( 0, 0, 0, 0.25 );\n--wpforms-field-border-color-spare: rgba( 0, 0, 0, 0.25 );\n--wpforms-field-text-color: rgba( 0, 0, 0, 0.7 );\n--wpforms-field-menu-color: #ffffff;\n--wpforms-label-color: rgba( 0, 0, 0, 0.85 );\n--wpforms-label-sublabel-color: rgba( 0, 0, 0, 0.55 );\n--wpforms-label-error-color: #d63637;\n--wpforms-button-border-radius: 3px;\n--wpforms-button-border-style: none;\n--wpforms-button-border-size: 1px;\n--wpforms-button-background-color: #066aab;\n--wpforms-button-border-color: #066aab;\n--wpforms-button-text-color: #ffffff;\n--wpforms-page-break-color: #066aab;\n--wpforms-background-image: none;\n--wpforms-background-position: center center;\n--wpforms-background-repeat: no-repeat;\n--wpforms-background-size: cover;\n--wpforms-background-width: 100px;\n--wpforms-background-height: 100px;\n--wpforms-background-color: rgba( 0, 0, 0, 0 );\n--wpforms-background-url: none;\n--wpforms-container-padding: 0px;\n--wpforms-container-border-style: none;\n--wpforms-container-border-width: 1px;\n--wpforms-container-border-color: #000000;\n--wpforms-container-border-radius: 3px;\n--wpforms-field-size-input-height: 43px;\n--wpforms-field-size-input-spacing: 15px;\n--wpforms-field-size-font-size: 16px;\n--wpforms-field-size-line-height: 19px;\n--wpforms-field-size-padding-h: 14px;\n--wpforms-field-size-checkbox-size: 16px;\n--wpforms-field-size-sublabel-spacing: 5px;\n--wpforms-field-size-icon-size: 1;\n--wpforms-label-size-font-size: 16px;\n--wpforms-label-size-line-height: 19px;\n--wpforms-label-size-sublabel-font-size: 14px;\n--wpforms-label-size-sublabel-line-height: 17px;\n--wpforms-button-size-font-size: 17px;\n--wpforms-button-size-height: 41px;\n--wpforms-button-size-padding-h: 15px;\n--wpforms-button-size-margin-top: 10px;\n--wpforms-container-shadow-size-box-shadow: none;\n\n\t\t\t\t}\n\t\t\t<\/style><div class=\"wpforms-container wpforms-container-full wpforms-block wpforms-block-50abe949-99e5-441b-b231-9a1da5d4c087 wpforms-render-modern\" id=\"wpforms-29050\"><form id=\"wpforms-form-29050\" class=\"wpforms-validate wpforms-form wpforms-ajax-form\" data-formid=\"29050\" method=\"post\" enctype=\"multipart\/form-data\" action=\"\/index.php?rest_route=%2Fwp%2Fv2%2Fpages%2F45\" data-token=\"02159e7d47c84043a10a63e9178fd35f\" data-token-time=\"1775822620\"><noscript class=\"wpforms-error-noscript\">Veuillez activer JavaScript dans votre navigateur pour remplir ce formulaire.<\/noscript><div class=\"wpforms-hidden\" id=\"wpforms-error-noscript\">Veuillez activer JavaScript dans votre navigateur pour remplir ce formulaire.<\/div><div class=\"wpforms-field-container\"><div id=\"wpforms-29050-field_0-container\" class=\"wpforms-field wpforms-field-name\" data-field-id=\"0\"><label class=\"wpforms-field-label\" for=\"wpforms-29050-field_0\">Nom \/ Pr\u00e9nom <span class=\"wpforms-required-label\" aria-hidden=\"true\">*<\/span><\/label><input type=\"text\" id=\"wpforms-29050-field_0\" class=\"wpforms-field-medium wpforms-field-required\" name=\"wpforms[fields][0]\" aria-errormessage=\"wpforms-29050-field_0-error\" required><\/div><div id=\"wpforms-29050-field_1-container\" class=\"wpforms-field wpforms-field-email\" data-field-id=\"1\"><label class=\"wpforms-field-label\" for=\"wpforms-29050-field_1\">E-mail <span class=\"wpforms-required-label\" aria-hidden=\"true\">*<\/span><\/label><input type=\"email\" id=\"wpforms-29050-field_1\" class=\"wpforms-field-medium wpforms-field-required\" name=\"wpforms[fields][1]\" spellcheck=\"false\" aria-errormessage=\"wpforms-29050-field_1-error\" required><\/div><div id=\"wpforms-29050-field_3-container\" class=\"wpforms-field wpforms-field-name\" data-field-id=\"3\"><label class=\"wpforms-field-label\" for=\"wpforms-29050-field_3\">T\u00e9l\u00e9phone <span class=\"wpforms-required-label\" aria-hidden=\"true\">*<\/span><\/label><input type=\"text\" id=\"wpforms-29050-field_3\" class=\"wpforms-field-medium wpforms-field-required\" name=\"wpforms[fields][3]\" aria-errormessage=\"wpforms-29050-field_3-error\" required><\/div><div id=\"wpforms-29050-field_4-container\" class=\"wpforms-field wpforms-field-text\" data-field-id=\"4\"><label class=\"wpforms-field-label\" for=\"wpforms-29050-field_4\">Objet<\/label><input type=\"text\" id=\"wpforms-29050-field_4\" class=\"wpforms-field-medium\" name=\"wpforms[fields][4]\" aria-errormessage=\"wpforms-29050-field_4-error\" ><\/div><div id=\"wpforms-29050-field_2-container\" class=\"wpforms-field wpforms-field-textarea\" data-field-id=\"2\"><label class=\"wpforms-field-label\" for=\"wpforms-29050-field_2\">Message<\/label><textarea id=\"wpforms-29050-field_2\" class=\"wpforms-field-medium\" name=\"wpforms[fields][2]\" aria-errormessage=\"wpforms-29050-field_2-error\" ><\/textarea><\/div><\/div><!-- .wpforms-field-container --><div class=\"wpforms-submit-container\" ><input type=\"hidden\" name=\"wpforms[id]\" value=\"29050\"><input type=\"hidden\" name=\"page_title\" value=\"\"><input type=\"hidden\" name=\"page_url\" value=\"https:\/\/celine-rodrigues-sophrologue.fr\/index.php?rest_route=%2Fwp%2Fv2%2Fpages%2F45\"><button type=\"submit\" name=\"wpforms[submit]\" id=\"wpforms-submit-29050\" class=\"wpforms-submit\" data-alt-text=\"Envoi...\" data-submit-text=\"Envoyer\" aria-live=\"assertive\" value=\"wpforms-submit\">Envoyer<\/button><img loading=\"lazy\" decoding=\"async\" src=\"https:\/\/celine-rodrigues-sophrologue.fr\/wp-content\/plugins\/wpforms-lite\/assets\/images\/submit-spin.svg\" class=\"wpforms-submit-spinner\" style=\"display: none;\" width=\"26\" height=\"26\" alt=\"Chargement en cours\"><\/div><\/form><\/div>  <!-- .wpforms-container -->","protected":false},"excerpt":{"rendered":"<p>Bienvenue sur l&rsquo;Espace de Prise de Rendez-vous Je suis ravie que vous ayez choisi d&rsquo;explorer les bienfaits de la sophrologie pour votre bien-\u00eatre. Je m&rsquo;engage \u00e0 vous offrir un accompagnement personnalis\u00e9 pour vous aider \u00e0 atteindre l&rsquo;harmonie int\u00e9rieure.Veuillez remplir le formulaire ci-dessous. Indiquez vos pr\u00e9f\u00e9rences de date et d&rsquo;heure, ainsi que toute information suppl\u00e9mentaire que [&hellip;]<\/p>\n","protected":false},"author":1,"featured_media":0,"parent":0,"menu_order":0,"comment_status":"closed","ping_status":"closed","template":"","meta":{"iawp_total_views":29,"footnotes":""},"class_list":["post-45","page","type-page","status-publish","hentry"],"aioseo_notices":[],"_links":{"self":[{"href":"https:\/\/celine-rodrigues-sophrologue.fr\/index.php?rest_route=\/wp\/v2\/pages\/45","targetHints":{"allow":["GET"]}}],"collection":[{"href":"https:\/\/celine-rodrigues-sophrologue.fr\/index.php?rest_route=\/wp\/v2\/pages"}],"about":[{"href":"https:\/\/celine-rodrigues-sophrologue.fr\/index.php?rest_route=\/wp\/v2\/types\/page"}],"author":[{"embeddable":true,"href":"https:\/\/celine-rodrigues-sophrologue.fr\/index.php?rest_route=\/wp\/v2\/users\/1"}],"replies":[{"embeddable":true,"href":"https:\/\/celine-rodrigues-sophrologue.fr\/index.php?rest_route=%2Fwp%2Fv2%2Fcomments&post=45"}],"version-history":[{"count":9,"href":"https:\/\/celine-rodrigues-sophrologue.fr\/index.php?rest_route=\/wp\/v2\/pages\/45\/revisions"}],"predecessor-version":[{"id":29187,"href":"https:\/\/celine-rodrigues-sophrologue.fr\/index.php?rest_route=\/wp\/v2\/pages\/45\/revisions\/29187"}],"wp:attachment":[{"href":"https:\/\/celine-rodrigues-sophrologue.fr\/index.php?rest_route=%2Fwp%2Fv2%2Fmedia&parent=45"}],"curies":[{"name":"wp","href":"https:\/\/api.w.org\/{rel}","templated":true}]}}